{"id":22,"date":"2019-01-31T16:08:32","date_gmt":"2019-01-31T15:08:32","guid":{"rendered":"https:\/\/fa-ta-ma.de\/?page_id=22"},"modified":"2024-03-19T09:51:59","modified_gmt":"2024-03-19T08:51:59","slug":"start","status":"publish","type":"page","link":"https:\/\/fa-ta-ma.de\/","title":{"rendered":"Startseite"},"content":{"rendered":"\n<p>Willkommen auf der Website der Fachschaftentagung Maschinenbau!<\/p>\n\n\n\n<p>Alle Informationen zur aktuellen Tagung findest du <a href=\"https:\/\/fa-ta-ma.de\/index.php\/aktuelle-tagung\/\">hier<\/a>.<\/p>\n\n\n\n<p><strong>FaTaMa Erkl\u00e4rt:<\/strong><\/p>\n\n\n\n<p>Auf der Fachschaftentagung Maschinenwesen (kurz FaTaMa) kommen Vertreter von Fachschaften aus ganz Deutschland, der Schweiz und \u00d6sterreich zusammen, um Erfahrungen auszutauschen. Dabei werden Probleme und L\u00f6sungsans\u00e4tze zusammen er\u00f6rtert, um gemeinsame Positionen zu verabschieden. Ziel dabei ist die Studierenden in den &#8222;Heimat&#8220;-Fakult\u00e4ten und dar\u00fcber hinaus bestm\u00f6glich zu vertreten und zum Beipsiel gegen\u00fcber dem Fakult\u00e4tentag Maschinenwesen mit einer studentischen Stimme zu sprechen.&nbsp;Die FaTaMa entsendet dazu Vertreter nicht nur auf den Fakult\u00e4tentag, sondern auch zu anderen Vernetzungsveranstaltungen, wie zum Beispiel das Poolvernetzungstreffen des studentischen Akkreditierungspool, die Metatagung der Fachschaftentagungen oder den Fachbeirat Maschinenbau des Hochschulrankings. Au\u00dferdem entsendet die Fachschaftentagung Studierende als Gutachter in den studentischen Akkreditierungspool.&nbsp;<br>Die Organisation der j\u00e4hrlich stattfindenden Tagung \u00fcbernimmt abwechselnd eine der teilnehmenden Fachschaften an den verschiedenen Hochschulen. Somit lernen die Teilnehmer nicht nur andere engagierte Studierendenvertreter kennen, sondern auch die verschiedenen Hochschulstandorte.&nbsp;An den Tagungen nehmen regelm\u00e4\u00dfig mehr als 25 Fachschaften teil. <br>Die Arbeit auf der FaTaMa erfolgt vor allem in Arbeitskreisen oder Workshops. In diesen werden zu spezifischen Themen Erfahrungen und Wissen ausgetauscht und Positionen erarbeitet. Regelm\u00e4\u00dfig besprochene Themen sind zum Beispiel der Ablauf der Erstsemestereinf\u00fchrung, die Qualit\u00e4t der verschiedenen Studieng\u00e4nge und die Arbeit im und am Akkreditierungswesen. Neben dieser inhaltlichen Arbeit gibt es auch immer verschiedene Exkursionen zu lokalen Unternehmen, Forschungseinrichtungen oder Sehensw\u00fcrdigkeiten.&nbsp;<\/p>\n","protected":false},"excerpt":{"rendered":"<p>Willkommen auf der Website der Fachschaftentagung Maschinenbau! Alle Informationen zur aktuellen Tagung findest du hier. FaTaMa Erkl\u00e4rt: Auf der Fachschaftentagung Maschinenwesen (kurz FaTaMa) kommen Vertreter von Fachschaften aus ganz Deutschland, der Schweiz und \u00d6sterreich zusammen, um Erfahrungen auszutauschen. Dabei werden Probleme und L\u00f6sungsans\u00e4tze zusammen er\u00f6rtert, um gemeinsame Positionen zu verabschieden. Ziel dabei ist die Studierenden &hellip; <\/p>\n<p class=\"link-more\"><a href=\"https:\/\/fa-ta-ma.de\/\" class=\"more-link\"><span class=\"screen-reader-text\">\u201eStartseite\u201c <\/span>weiterlesen<\/a><\/p>\n","protected":false},"author":4,"featured_media":0,"parent":0,"menu_order":0,"comment_status":"closed","ping_status":"closed","template":"","meta":{"footnotes":""},"class_list":["post-22","page","type-page","status-publish","hentry"],"_links":{"self":[{"href":"https:\/\/fa-ta-ma.de\/index.php\/wp-json\/wp\/v2\/pages\/22","targetHints":{"allow":["GET"]}}],"collection":[{"href":"https:\/\/fa-ta-ma.de\/index.php\/wp-json\/wp\/v2\/pages"}],"about":[{"href":"https:\/\/fa-ta-ma.de\/index.php\/wp-json\/wp\/v2\/types\/page"}],"author":[{"embeddable":true,"href":"https:\/\/fa-ta-ma.de\/index.php\/wp-json\/wp\/v2\/users\/4"}],"replies":[{"embeddable":true,"href":"https:\/\/fa-ta-ma.de\/index.php\/wp-json\/wp\/v2\/comments?post=22"}],"version-history":[{"count":16,"href":"https:\/\/fa-ta-ma.de\/index.php\/wp-json\/wp\/v2\/pages\/22\/revisions"}],"predecessor-version":[{"id":283,"href":"https:\/\/fa-ta-ma.de\/index.php\/wp-json\/wp\/v2\/pages\/22\/revisions\/283"}],"wp:attachment":[{"href":"https:\/\/fa-ta-ma.de\/index.php\/wp-json\/wp\/v2\/media?parent=22"}],"curies":[{"name":"wp","href":"https:\/\/api.w.org\/{rel}","templated":true}]}}