{"id":244,"date":"2023-09-19T21:57:09","date_gmt":"2023-09-19T20:57:09","guid":{"rendered":"https:\/\/fa-ta-ma.de\/?page_id=244"},"modified":"2023-10-17T11:29:53","modified_gmt":"2023-10-17T10:29:53","slug":"fatama-2023-karlsruhe","status":"publish","type":"page","link":"https:\/\/fa-ta-ma.de\/index.php\/vergangene-fatamas\/fatama-2023-karlsruhe\/","title":{"rendered":"FaTaMa 2023 &#8211; Karlsruhe"},"content":{"rendered":"\n<p>Hier findest du alle Ver\u00f6ffentlichungen zur Fachschaftentagung Maschinenbau in Karlsruhe.<\/p>\n\n\n\n<p>Die Tagung wurde durch das Bundesministerium f\u00fcr Bildung und Forschung unterst\u00fctzt.<br>Hier findet sich die Kurzinformation zu den Ergebnissen der Ma\u00dfnahme:\u00a0<\/p>\n\n\n\n<div data-wp-interactive=\"core\/file\" class=\"wp-block-file\"><object data-wp-bind--hidden=\"!state.hasPdfPreview\" hidden class=\"wp-block-file__embed\" data=\"https:\/\/fa-ta-ma.de\/wp-content\/uploads\/2023\/10\/Steckbrief_Ergebnisverwertung_FaTaMa.pdf\" type=\"application\/pdf\" style=\"width:100%;height:600px\" aria-label=\"Einbettung von Steckbrief_Ergebnisverwertung_FaTaMa.\"><\/object><a id=\"wp-block-file--media-928ace8a-e700-419e-8c20-37e378a6e562\" href=\"https:\/\/fa-ta-ma.de\/wp-content\/uploads\/2023\/10\/Steckbrief_Ergebnisverwertung_FaTaMa.pdf\">Steckbrief_Ergebnisverwertung_FaTaMa<\/a><a href=\"https:\/\/fa-ta-ma.de\/wp-content\/uploads\/2023\/10\/Steckbrief_Ergebnisverwertung_FaTaMa.pdf\" class=\"wp-block-file__button wp-element-button\" download aria-describedby=\"wp-block-file--media-928ace8a-e700-419e-8c20-37e378a6e562\">Herunterladen<\/a><\/div>\n","protected":false},"excerpt":{"rendered":"<p>Hier findest du alle Ver\u00f6ffentlichungen zur Fachschaftentagung Maschinenbau in Karlsruhe. Die Tagung wurde durch das Bundesministerium f\u00fcr Bildung und Forschung unterst\u00fctzt.Hier findet sich die Kurzinformation zu den Ergebnissen der Ma\u00dfnahme:\u00a0<\/p>\n","protected":false},"author":14,"featured_media":0,"parent":32,"menu_order":1,"comment_status":"closed","ping_status":"closed","template":"","meta":{"footnotes":""},"class_list":["post-244","page","type-page","status-publish","hentry"],"_links":{"self":[{"href":"https:\/\/fa-ta-ma.de\/index.php\/wp-json\/wp\/v2\/pages\/244","targetHints":{"allow":["GET"]}}],"collection":[{"href":"https:\/\/fa-ta-ma.de\/index.php\/wp-json\/wp\/v2\/pages"}],"about":[{"href":"https:\/\/fa-ta-ma.de\/index.php\/wp-json\/wp\/v2\/types\/page"}],"author":[{"embeddable":true,"href":"https:\/\/fa-ta-ma.de\/index.php\/wp-json\/wp\/v2\/users\/14"}],"replies":[{"embeddable":true,"href":"https:\/\/fa-ta-ma.de\/index.php\/wp-json\/wp\/v2\/comments?post=244"}],"version-history":[{"count":7,"href":"https:\/\/fa-ta-ma.de\/index.php\/wp-json\/wp\/v2\/pages\/244\/revisions"}],"predecessor-version":[{"id":260,"href":"https:\/\/fa-ta-ma.de\/index.php\/wp-json\/wp\/v2\/pages\/244\/revisions\/260"}],"up":[{"embeddable":true,"href":"https:\/\/fa-ta-ma.de\/index.php\/wp-json\/wp\/v2\/pages\/32"}],"wp:attachment":[{"href":"https:\/\/fa-ta-ma.de\/index.php\/wp-json\/wp\/v2\/media?parent=244"}],"curies":[{"name":"wp","href":"https:\/\/api.w.org\/{rel}","templated":true}]}}