{"id":30,"date":"2019-01-31T16:22:03","date_gmt":"2019-01-31T15:22:03","guid":{"rendered":"https:\/\/fa-ta-ma.de\/?page_id=30"},"modified":"2024-11-10T11:04:51","modified_gmt":"2024-11-10T10:04:51","slug":"stam","status":"publish","type":"page","link":"https:\/\/fa-ta-ma.de\/index.php\/uber-die-fatama\/stam\/","title":{"rendered":"Der StAM"},"content":{"rendered":"\n<p>Kontakt: stam@fatama.org <\/p>\n\n\n\n<p>StAM steht f\u00fcr St\u00e4ndiger Ausschuss Maschinenwesen<\/p>\n\n\n\n<p>Was macht der StAM: Der StAM ist die st\u00e4ndige Vertretung der Fachschaftentagung des Maschinenwesens im deutschsprachigen Raum. Er ist Ansprechpartner f\u00fcr alle Angelegenheiten die \u00fcber den T\u00e4tigkeitsbereich des FaTaMa e.V. hinaus gehen, allen voran die Kommunikation zu den anderen Bundesfachschaftentagungen im deutschsprachigen Raum.<\/p>\n\n\n\n<p style=\"line-height:1.4\">Aktuell besteht der StAM aus f\u00fcnf Mitgliedern, deren Vorsitz der Pr\u00e4StAM darstellt.<\/p>\n\n\n\n<p><\/p>\n\n\n\n<p style=\"line-height:1.4\">Die aktuellen Mitglieder sind: <\/p>\n\n\n\n<p style=\"line-height:1.4\"><div class=\"wp-block-group\">\n\n\n\n\n\n\n\n<\/div><\/p>\n","protected":false},"excerpt":{"rendered":"<p>Kontakt: stam@fatama.org StAM steht f\u00fcr St\u00e4ndiger Ausschuss Maschinenwesen Was macht der StAM: Der StAM ist die st\u00e4ndige Vertretung der Fachschaftentagung des Maschinenwesens im deutschsprachigen Raum. Er ist Ansprechpartner f\u00fcr alle Angelegenheiten die \u00fcber den T\u00e4tigkeitsbereich des FaTaMa e.V. hinaus gehen, allen voran die Kommunikation zu den anderen Bundesfachschaftentagungen im deutschsprachigen Raum. Aktuell besteht der StAM &hellip; <\/p>\n<p class=\"link-more\"><a href=\"https:\/\/fa-ta-ma.de\/index.php\/uber-die-fatama\/stam\/\" class=\"more-link\"><span class=\"screen-reader-text\">\u201eDer StAM\u201c <\/span>weiterlesen<\/a><\/p>\n","protected":false},"author":4,"featured_media":0,"parent":46,"menu_order":0,"comment_status":"closed","ping_status":"closed","template":"","meta":{"footnotes":""},"class_list":["post-30","page","type-page","status-publish","hentry"],"_links":{"self":[{"href":"https:\/\/fa-ta-ma.de\/index.php\/wp-json\/wp\/v2\/pages\/30","targetHints":{"allow":["GET"]}}],"collection":[{"href":"https:\/\/fa-ta-ma.de\/index.php\/wp-json\/wp\/v2\/pages"}],"about":[{"href":"https:\/\/fa-ta-ma.de\/index.php\/wp-json\/wp\/v2\/types\/page"}],"author":[{"embeddable":true,"href":"https:\/\/fa-ta-ma.de\/index.php\/wp-json\/wp\/v2\/users\/4"}],"replies":[{"embeddable":true,"href":"https:\/\/fa-ta-ma.de\/index.php\/wp-json\/wp\/v2\/comments?post=30"}],"version-history":[{"count":26,"href":"https:\/\/fa-ta-ma.de\/index.php\/wp-json\/wp\/v2\/pages\/30\/revisions"}],"predecessor-version":[{"id":324,"href":"https:\/\/fa-ta-ma.de\/index.php\/wp-json\/wp\/v2\/pages\/30\/revisions\/324"}],"up":[{"embeddable":true,"href":"https:\/\/fa-ta-ma.de\/index.php\/wp-json\/wp\/v2\/pages\/46"}],"wp:attachment":[{"href":"https:\/\/fa-ta-ma.de\/index.php\/wp-json\/wp\/v2\/media?parent=30"}],"curies":[{"name":"wp","href":"https:\/\/api.w.org\/{rel}","templated":true}]}}