{"id":311,"date":"2025-03-09T23:28:50","date_gmt":"2025-03-09T22:28:50","guid":{"rendered":"https:\/\/fa-ta-ma.de\/?page_id=311"},"modified":"2025-06-19T22:42:54","modified_gmt":"2025-06-19T21:42:54","slug":"fatama-2024-magdeburg","status":"publish","type":"page","link":"https:\/\/fa-ta-ma.de\/index.php\/vergangene-fatamas\/fatama-2024-magdeburg\/","title":{"rendered":"FaTaMa 2024 &#8211; Magdeburg"},"content":{"rendered":"\n<p>Die FaTaMa 2024 fand im Zeitraum 08.05.2024-12.05.2024 an der Otto-von-Guericke-Universit\u00e4t in Magdeburg statt.<\/p>\n\n\n\n<p>Ihr findet hier das Abschlussheft der Tagung, dieser gibt einen ausf\u00fchrlichen \u00dcberblick \u00fcber die Aktivit\u00e4ten und Ergebnisse der Tagung:<\/p>\n\n\n\n<div data-wp-interactive=\"core\/file\" class=\"wp-block-file\"><object data-wp-bind--hidden=\"!state.hasPdfPreview\" hidden class=\"wp-block-file__embed\" data=\"https:\/\/fa-ta-ma.de\/wp-content\/uploads\/2025\/03\/Abschlussbericht.pdf\" type=\"application\/pdf\" style=\"width:100%;height:600px\" aria-label=\"Einbettung von Abschlussbericht.\"><\/object><a id=\"wp-block-file--media-a194375c-403e-462e-b21d-f88b9ef47342\" href=\"https:\/\/fa-ta-ma.de\/wp-content\/uploads\/2025\/03\/Abschlussbericht.pdf\">Abschlussbericht<\/a><a href=\"https:\/\/fa-ta-ma.de\/wp-content\/uploads\/2025\/03\/Abschlussbericht.pdf\" class=\"wp-block-file__button wp-element-button\" download aria-describedby=\"wp-block-file--media-a194375c-403e-462e-b21d-f88b9ef47342\">Herunterladen<\/a><\/div>\n\n\n\n<p>Die Tagung wurde durch das Bundesministerium f\u00fcr Bildung und Forschung unterst\u00fctzt.<br>Hier findet sich die Kurzinformation zu den Ergebnissen der Ma\u00dfnahme:<\/p>\n\n\n\n<div data-wp-interactive=\"core\/file\" class=\"wp-block-file\"><object data-wp-bind--hidden=\"!state.hasPdfPreview\" hidden class=\"wp-block-file__embed\" data=\"https:\/\/fa-ta-ma.de\/wp-content\/uploads\/2025\/03\/Kurzbericht.pdf\" type=\"application\/pdf\" style=\"width:100%;height:600px\" aria-label=\"Einbettung von Kurzbericht.\"><\/object><a id=\"wp-block-file--media-eba347ae-4597-4120-bea5-208568a633d3\" href=\"https:\/\/fa-ta-ma.de\/wp-content\/uploads\/2025\/03\/Kurzbericht.pdf\">Kurzbericht<\/a><a href=\"https:\/\/fa-ta-ma.de\/wp-content\/uploads\/2025\/03\/Kurzbericht.pdf\" class=\"wp-block-file__button wp-element-button\" download aria-describedby=\"wp-block-file--media-eba347ae-4597-4120-bea5-208568a633d3\">Herunterladen<\/a><\/div>\n\n\n\n<p><\/p>\n","protected":false},"excerpt":{"rendered":"<p>Die FaTaMa 2024 fand im Zeitraum 08.05.2024-12.05.2024 an der Otto-von-Guericke-Universit\u00e4t in Magdeburg statt. Ihr findet hier das Abschlussheft der Tagung, dieser gibt einen ausf\u00fchrlichen \u00dcberblick \u00fcber die Aktivit\u00e4ten und Ergebnisse der Tagung: Die Tagung wurde durch das Bundesministerium f\u00fcr Bildung und Forschung unterst\u00fctzt.Hier findet sich die Kurzinformation zu den Ergebnissen der Ma\u00dfnahme:<\/p>\n","protected":false},"author":20,"featured_media":0,"parent":32,"menu_order":0,"comment_status":"closed","ping_status":"closed","template":"","meta":{"footnotes":""},"class_list":["post-311","page","type-page","status-publish","hentry"],"_links":{"self":[{"href":"https:\/\/fa-ta-ma.de\/index.php\/wp-json\/wp\/v2\/pages\/311","targetHints":{"allow":["GET"]}}],"collection":[{"href":"https:\/\/fa-ta-ma.de\/index.php\/wp-json\/wp\/v2\/pages"}],"about":[{"href":"https:\/\/fa-ta-ma.de\/index.php\/wp-json\/wp\/v2\/types\/page"}],"author":[{"embeddable":true,"href":"https:\/\/fa-ta-ma.de\/index.php\/wp-json\/wp\/v2\/users\/20"}],"replies":[{"embeddable":true,"href":"https:\/\/fa-ta-ma.de\/index.php\/wp-json\/wp\/v2\/comments?post=311"}],"version-history":[{"count":2,"href":"https:\/\/fa-ta-ma.de\/index.php\/wp-json\/wp\/v2\/pages\/311\/revisions"}],"predecessor-version":[{"id":320,"href":"https:\/\/fa-ta-ma.de\/index.php\/wp-json\/wp\/v2\/pages\/311\/revisions\/320"}],"up":[{"embeddable":true,"href":"https:\/\/fa-ta-ma.de\/index.php\/wp-json\/wp\/v2\/pages\/32"}],"wp:attachment":[{"href":"https:\/\/fa-ta-ma.de\/index.php\/wp-json\/wp\/v2\/media?parent=311"}],"curies":[{"name":"wp","href":"https:\/\/api.w.org\/{rel}","templated":true}]}}