{"id":38,"date":"2019-01-31T16:26:05","date_gmt":"2019-01-31T15:26:05","guid":{"rendered":"https:\/\/fa-ta-ma.de\/?page_id=38"},"modified":"2022-01-21T20:44:39","modified_gmt":"2022-01-21T19:44:39","slug":"2018-2","status":"publish","type":"page","link":"https:\/\/fa-ta-ma.de\/index.php\/vergangene-fatamas\/2018-2\/","title":{"rendered":"FaTaMa 2018 &#8211; Hamburg"},"content":{"rendered":"\n<p>Im Jahr 2018 fand die FaTaMa an der Technischen Universit\u00e4t Hamburg-Harburg\u00a0wie \u00fcblich \u00fcber Himmelfahrt\u00a0statt.\u00a0An dern 5 Tagen waren mehr als 25 Fachschaften aus ganz Deutschland anwesend. Dabei konnten auch neue Fachschaften willkommen gehei\u00dfen werden.\u00a0<\/p>\n\n\n\n<p>In mehr als 30 Workshops haben sich die Teilnehmenden \u00fcber die verschiedensten Themen ausgetauscht. Neben den regelm\u00e4\u00dfig wiederkehrenden Arbeitsgruppen zur Erstsemesterarbeit, Akkreditierung, den Fachschatsfinanzen oder \u00d6ffentlichkeitsarbeit, wurden 2018 beispielweise auch die Themen Nachhaltigkeit, Geschlechtergerechtigkeit und Datenschutz besprochen.Au\u00dferdem wurde \u00fcber die zuk\u00fcnfitge Ausrichtung der FaTama und die Gesch\u00e4ftsordnung gesprochen.<\/p>\n\n\n\n<p>Die\u00a0Exkursionen\u00a0auf diese FaTaMa f\u00fchren\u00a0unter anderem zu\u00a0Airbus, einigen Instituten der\u00a0\u00a0TUHH\u00a0und\u00a0durch eine lokale Brauerei.Die Erkundung der\u00a0\u00a0Stadt Hamburg\u00a0ist auch nicht zu kurz bekommen.Wir bedanken uns bei allen teilnehmenden Fachschaften f\u00fcr die konstruktive Zusammenarbeit.<br>Liste der Arbeitskreise:<\/p>\n\n\n\n<div class=\"wp-block-group\"><div class=\"wp-block-group__inner-container is-layout-flow wp-block-group-is-layout-flow\">\n<ul class=\"wp-block-list\"><li>Nachhaltigkeit &amp; Innovation<\/li><\/ul>\n\n\n\n<ul class=\"wp-block-list\"><li>Selbstbild der FaTaMa<\/li><\/ul>\n\n\n\n<ul class=\"wp-block-list\"><li>Verschiedene Konzepte einer Sommerveranstaltung<\/li><\/ul>\n\n\n\n<ul class=\"wp-block-list\"><li>Mentoring f\u00fcr Studi-Anf\u00e4nger<\/li><\/ul>\n\n\n\n<ul class=\"wp-block-list\"><li>Weiterentwicklung der Satzung und GO<\/li><\/ul>\n\n\n\n<ul class=\"wp-block-list\"><li>Sicherung der Finanzen<\/li><\/ul>\n\n\n\n<ul class=\"wp-block-list\"><li>Warum ich (keine) geschlechtergerechte Sprache verwende?<\/li><\/ul>\n\n\n\n<ul class=\"wp-block-list\"><li>Anbindung von anderen Disziplinen ans Ingenierstudium<\/li><\/ul>\n\n\n\n<ul class=\"wp-block-list\"><li>Datenschutz (DSVGO in Zusammenarbeit mit FS, Vereinen,&#8230;)<\/li><\/ul>\n\n\n\n<ul class=\"wp-block-list\"><li>Nachwuchsrekrutierung<\/li><\/ul>\n\n\n\n<ul class=\"wp-block-list\"><li>Grundlagenf\u00e4cher, Mindest-ECTS, Pflichtanmeldung<\/li><\/ul>\n\n\n\n<ul class=\"wp-block-list\"><li>Kommunikation und Austausch von zentralen &amp; dezentralen Gremien<\/li><\/ul>\n\n\n\n<ul class=\"wp-block-list\"><li>Austauschdatenbank<\/li><\/ul>\n\n\n\n<ul class=\"wp-block-list\"><li>How to \u00d6ffentlichkeitsarbeit eines FSR&#8217;s<\/li><\/ul>\n\n\n\n<ul class=\"wp-block-list\"><li>Umgang\/Digitalisierung von Lernmaterialien<\/li><\/ul>\n\n\n\n<ul class=\"wp-block-list\"><li>Invormationsverteilung im Studiengang<\/li><\/ul>\n\n\n\n<ul class=\"wp-block-list\"><li>Berufungsverfahren: Ablauf studentische Beteiligung, Gewichtung<\/li><\/ul>\n\n\n\n<ul class=\"wp-block-list\"><li>Finanzierung der Fachschaften<\/li><\/ul>\n\n\n\n<ul class=\"wp-block-list\"><li>Studiengeb\u00fchren<\/li><\/ul>\n\n\n\n<ul class=\"wp-block-list\"><li>Akkreditierung (Einf\u00fchrung)<\/li><\/ul>\n\n\n\n<ul class=\"wp-block-list\"><li>Skripte und Klausuren bereitstellen<\/li><\/ul>\n\n\n\n<ul class=\"wp-block-list\"><li>Englische Vorlesungen<\/li><\/ul>\n\n\n\n<ul class=\"wp-block-list\"><li>Pr\u00fcfungseinsichten &amp; Leitf\u00e4den<\/li><\/ul>\n\n\n\n<ul class=\"wp-block-list\"><li>Was ist gut\/schlechte Frauenf\u00f6rderung im MB?<\/li><\/ul>\n\n\n\n<ul class=\"wp-block-list\"><li>Inhalte des Maschinenbaus: Vorlesung, Praktikum,&#8230;<\/li><\/ul>\n\n\n\n<ul class=\"wp-block-list\"><li>Optimierung der Struktur von Studierendenvertretungen<\/li><\/ul>\n\n\n\n<ul class=\"wp-block-list\"><li>Pr\u00fcfungskoordination und Pr\u00fcfungen: Zeitr\u00e4ume, Organisation und Frequenz<\/li><\/ul>\n\n\n\n<ul class=\"wp-block-list\"><li>Wahlwerbung<\/li><\/ul>\n\n\n\n<ul class=\"wp-block-list\"><li>Teambuilding\/Konfliktmanagement<\/li><\/ul>\n\n\n\n<ul class=\"wp-block-list\"><li>OE (Erstsemesterorientierung)<\/li><\/ul>\n\n\n\n<ul class=\"wp-block-list\"><li>Organisation gro\u00dfer Gruppen<\/li><\/ul>\n\n\n\n<ul class=\"wp-block-list\"><li>Vereinbarkeit von Studium, Ehrenamt und Nebent\u00e4tigkeit: Probleme und L\u00f6sungen?<\/li><\/ul>\n\n\n\n<ul class=\"wp-block-list\"><li>Neue Lehrkonzepte: E-Learning,&#8230;<\/li><\/ul>\n\n\n\n<ul class=\"wp-block-list\"><li>Au\u00dfenwirkung der Fachschaft<\/li><\/ul>\n\n\n\n<ul class=\"wp-block-list\"><li>How to FaTaMa<\/li><\/ul>\n\n\n\n<ul class=\"wp-block-list\"><li>IT-Infrastruktur &amp; M\u00f6glichkeiten<\/li><\/ul>\n<\/div><\/div>\n","protected":false},"excerpt":{"rendered":"<p>Im Jahr 2018 fand die FaTaMa an der Technischen Universit\u00e4t Hamburg-Harburg\u00a0wie \u00fcblich \u00fcber Himmelfahrt\u00a0statt.\u00a0An dern 5 Tagen waren mehr als 25 Fachschaften aus ganz Deutschland anwesend. Dabei konnten auch neue Fachschaften willkommen gehei\u00dfen werden.\u00a0 In mehr als 30 Workshops haben sich die Teilnehmenden \u00fcber die verschiedensten Themen ausgetauscht. Neben den regelm\u00e4\u00dfig wiederkehrenden Arbeitsgruppen zur Erstsemesterarbeit, &hellip; <\/p>\n<p class=\"link-more\"><a href=\"https:\/\/fa-ta-ma.de\/index.php\/vergangene-fatamas\/2018-2\/\" class=\"more-link\"><span class=\"screen-reader-text\">\u201eFaTaMa 2018 &#8211; Hamburg\u201c <\/span>weiterlesen<\/a><\/p>\n","protected":false},"author":4,"featured_media":0,"parent":32,"menu_order":0,"comment_status":"closed","ping_status":"closed","template":"","meta":{"footnotes":""},"class_list":["post-38","page","type-page","status-publish","hentry"],"_links":{"self":[{"href":"https:\/\/fa-ta-ma.de\/index.php\/wp-json\/wp\/v2\/pages\/38","targetHints":{"allow":["GET"]}}],"collection":[{"href":"https:\/\/fa-ta-ma.de\/index.php\/wp-json\/wp\/v2\/pages"}],"about":[{"href":"https:\/\/fa-ta-ma.de\/index.php\/wp-json\/wp\/v2\/types\/page"}],"author":[{"embeddable":true,"href":"https:\/\/fa-ta-ma.de\/index.php\/wp-json\/wp\/v2\/users\/4"}],"replies":[{"embeddable":true,"href":"https:\/\/fa-ta-ma.de\/index.php\/wp-json\/wp\/v2\/comments?post=38"}],"version-history":[{"count":3,"href":"https:\/\/fa-ta-ma.de\/index.php\/wp-json\/wp\/v2\/pages\/38\/revisions"}],"predecessor-version":[{"id":153,"href":"https:\/\/fa-ta-ma.de\/index.php\/wp-json\/wp\/v2\/pages\/38\/revisions\/153"}],"up":[{"embeddable":true,"href":"https:\/\/fa-ta-ma.de\/index.php\/wp-json\/wp\/v2\/pages\/32"}],"wp:attachment":[{"href":"https:\/\/fa-ta-ma.de\/index.php\/wp-json\/wp\/v2\/media?parent=38"}],"curies":[{"name":"wp","href":"https:\/\/api.w.org\/{rel}","templated":true}]}}