{"id":87,"date":"2022-01-21T18:59:17","date_gmt":"2022-01-21T17:59:17","guid":{"rendered":"https:\/\/fa-ta-ma.de\/?page_id=87"},"modified":"2022-01-21T20:00:40","modified_gmt":"2022-01-21T19:00:40","slug":"verein","status":"publish","type":"page","link":"https:\/\/fa-ta-ma.de\/index.php\/verein\/","title":{"rendered":"Verein"},"content":{"rendered":"\n<p>Zur Unters\u00fctzung der FaTaMa hat sich 2013 der Verein zur F\u00f6rderung der Fachschaftentagung des Maschinenwesens im deutschsprachigen Raum gegr\u00fcndet. In diesem k\u00f6nnen die verschiedenen Fachschaften Mitglied werden und so die Arbeit der FaTaMa auch abseits der eigentlichen Tagung unterst\u00fctzten. Die F\u00f6rdermitgliedschaft steht f\u00fcr Einzelpersonen, Firmen und andere unterst\u00fctzende Organisationen offen. Die Mitgliederversammlung findet in der Regel auf der Fachschaftentagung statt.<\/p>\n","protected":false},"excerpt":{"rendered":"<p>Zur Unters\u00fctzung der FaTaMa hat sich 2013 der Verein zur F\u00f6rderung der Fachschaftentagung des Maschinenwesens im deutschsprachigen Raum gegr\u00fcndet. In diesem k\u00f6nnen die verschiedenen Fachschaften Mitglied werden und so die Arbeit der FaTaMa auch abseits der eigentlichen Tagung unterst\u00fctzten. Die F\u00f6rdermitgliedschaft steht f\u00fcr Einzelpersonen, Firmen und andere unterst\u00fctzende Organisationen offen. Die Mitgliederversammlung findet in der &hellip; <\/p>\n<p class=\"link-more\"><a href=\"https:\/\/fa-ta-ma.de\/index.php\/verein\/\" class=\"more-link\"><span class=\"screen-reader-text\">\u201eVerein\u201c <\/span>weiterlesen<\/a><\/p>\n","protected":false},"author":10,"featured_media":0,"parent":0,"menu_order":0,"comment_status":"closed","ping_status":"closed","template":"","meta":{"footnotes":""},"class_list":["post-87","page","type-page","status-publish","hentry"],"_links":{"self":[{"href":"https:\/\/fa-ta-ma.de\/index.php\/wp-json\/wp\/v2\/pages\/87","targetHints":{"allow":["GET"]}}],"collection":[{"href":"https:\/\/fa-ta-ma.de\/index.php\/wp-json\/wp\/v2\/pages"}],"about":[{"href":"https:\/\/fa-ta-ma.de\/index.php\/wp-json\/wp\/v2\/types\/page"}],"author":[{"embeddable":true,"href":"https:\/\/fa-ta-ma.de\/index.php\/wp-json\/wp\/v2\/users\/10"}],"replies":[{"embeddable":true,"href":"https:\/\/fa-ta-ma.de\/index.php\/wp-json\/wp\/v2\/comments?post=87"}],"version-history":[{"count":3,"href":"https:\/\/fa-ta-ma.de\/index.php\/wp-json\/wp\/v2\/pages\/87\/revisions"}],"predecessor-version":[{"id":136,"href":"https:\/\/fa-ta-ma.de\/index.php\/wp-json\/wp\/v2\/pages\/87\/revisions\/136"}],"wp:attachment":[{"href":"https:\/\/fa-ta-ma.de\/index.php\/wp-json\/wp\/v2\/media?parent=87"}],"curies":[{"name":"wp","href":"https:\/\/api.w.org\/{rel}","templated":true}]}}